{"id":2207,"date":"2023-05-31T15:48:39","date_gmt":"2023-05-31T12:48:39","guid":{"rendered":"https:\/\/www.nobelwoodist.com\/?page_id=2207"},"modified":"2023-06-01T11:19:52","modified_gmt":"2023-06-01T08:19:52","slug":"ziyaretci-profili","status":"publish","type":"page","link":"https:\/\/www.nobelwoodist.com\/index.php\/ziyaretci-profili\/","title":{"rendered":"Ziyaret\u00e7i Profili"},"content":{"rendered":"\n<h1 class=\"wp-block-heading\"><strong>WOOD\u0130ST \u201923 FUARINI<\/strong><\/h1>\n\n\n\n<h1 class=\"wp-block-heading\"><strong style=\"margin-bottom:30px; display:block;\"><mark style=\"background-color:rgba(0, 0, 0, 0)\" class=\"has-inline-color has-luminous-vivid-orange-color\">K\u0130M<\/mark> Z\u0130YARET ED\u0130YOR?<\/strong><\/h1>\n\n\n\n<p>Wood\u0130st &#8217;23 Fuar\u0131&#8217;n\u0131n ziyaret\u00e7i profili a\u015fa\u011f\u0131daki gibi olabilir:<\/p>\n\n\n\n<p>1. Ah\u015fap i\u015fleme sekt\u00f6r\u00fcndeki profesyoneller ve uzmanlar<\/p>\n\n\n\n<p>2. Mobilya \u00fcreticileri ve tasar\u0131mc\u0131lar\u0131<\/p>\n\n\n\n<p>3. Marangozlar ve ah\u015fap i\u015f\u00e7ileri<\/p>\n\n\n\n<p>4. \u0130n\u015faat \u015firketleri ve ta\u015feronlar<\/p>\n\n\n\n<p>5. \u0130\u00e7 mimarlar ve dekorat\u00f6rler<\/p>\n\n\n\n<p>6. Mobilya yan sanayi ve aksesuarlar\u0131 tedarik\u00e7ileri<\/p>\n\n\n\n<p>7. Ah\u015fap malzeme tedarik\u00e7ileri<\/p>\n\n\n\n<p>8. Perakende sekt\u00f6r\u00fcndeki mobilya ma\u011fazalar\u0131 ve sat\u0131c\u0131lar\u0131<\/p>\n\n\n\n<p>9. Mobilya ithalat ve ihracat firmalar\u0131<\/p>\n\n\n\n<p>10. Teknoloji ve yeniliklere ilgi duyan sekt\u00f6r profesyonelleri<\/p>\n\n\n\n<p>11. Akademisyenler, ara\u015ft\u0131rmac\u0131lar ve \u00f6\u011frenciler<\/p>\n\n\n\n<p>12. Ah\u015fap \u00fcr\u00fcnler ve dekorasyon alan\u0131nda merakl\u0131 olan bireyler<\/p>\n\n\n\n<p>13. Medya ve bas\u0131n temsilcileri<\/p>\n\n\n\n<p>14. Yat\u0131r\u0131mc\u0131lar ve i\u015f geli\u015ftirme profesyonelleri<\/p>\n\n\n\n<p>Bu ziyaret\u00e7iler, Wood\u0130st &#8217;23 Fuar\u0131nda en son \u00fcr\u00fcnleri ke\u015ffetme, i\u015fbirlikleri kurma, yeni trendleri ve teknolojileri takip etme, sekt\u00f6rdeki geli\u015fmeleri \u00f6\u011frenme ve di\u011fer profesyonellerle a\u011f kurma f\u0131rsat\u0131na sahip olacaklard\u0131r.<\/p>\n","protected":false},"excerpt":{"rendered":"<p>WOOD\u0130ST \u201923 FUARINI K\u0130M Z\u0130YARET ED\u0130YOR? Wood\u0130st &#8217;23 Fuar\u0131&#8217;n\u0131n ziyaret\u00e7i profili a\u015fa\u011f\u0131daki gibi olabilir: 1. Ah\u015fap i\u015fleme sekt\u00f6r\u00fcndeki profesyoneller ve uzmanlar 2. Mobilya \u00fcreticileri ve tasar\u0131mc\u0131lar\u0131 3. Marangozlar ve ah\u015fap i\u015f\u00e7ileri 4. \u0130n\u015faat \u015firketleri ve ta\u015feronlar 5. \u0130\u00e7 mimarlar ve dekorat\u00f6rler 6. Mobilya yan sanayi ve aksesuarlar\u0131 tedarik\u00e7ileri 7. Ah\u015fap malzeme tedarik\u00e7ileri 8. Perakende sekt\u00f6r\u00fcndeki [&hellip;]<\/p>\n","protected":false},"author":1,"featured_media":0,"parent":0,"menu_order":0,"comment_status":"closed","ping_status":"closed","template":"","meta":{"footnotes":""},"class_list":["post-2207","page","type-page","status-publish","hentry"],"yoast_head":"<!-- This site is optimized with the Yoast SEO plugin v21.7 - https:\/\/yoast.com\/wordpress\/plugins\/seo\/ -->\n<title>Ziyaret\u00e7i Profili - Nobel Woodist<\/title>\n<meta name=\"robots\" content=\"index, follow, max-snippet:-1, max-image-preview:large, max-video-preview:-1\" \/>\n<link rel=\"canonical\" href=\"https:\/\/www.nobelwoodist.com\/index.php\/ziyaretci-profili\/\" \/>\n<meta property=\"og:locale\" content=\"tr_TR\" \/>\n<meta property=\"og:type\" content=\"article\" \/>\n<meta property=\"og:title\" content=\"Ziyaret\u00e7i Profili - Nobel Woodist\" \/>\n<meta property=\"og:description\" content=\"WOOD\u0130ST \u201923 FUARINI K\u0130M Z\u0130YARET ED\u0130YOR? Wood\u0130st &#8217;23 Fuar\u0131&#8217;n\u0131n ziyaret\u00e7i profili a\u015fa\u011f\u0131daki gibi olabilir: 1. Ah\u015fap i\u015fleme sekt\u00f6r\u00fcndeki profesyoneller ve uzmanlar 2. Mobilya \u00fcreticileri ve tasar\u0131mc\u0131lar\u0131 3. Marangozlar ve ah\u015fap i\u015f\u00e7ileri 4. \u0130n\u015faat \u015firketleri ve ta\u015feronlar 5. \u0130\u00e7 mimarlar ve dekorat\u00f6rler 6. Mobilya yan sanayi ve aksesuarlar\u0131 tedarik\u00e7ileri 7. Ah\u015fap malzeme tedarik\u00e7ileri 8. Perakende sekt\u00f6r\u00fcndeki [&hellip;]\" \/>\n<meta property=\"og:url\" content=\"https:\/\/www.nobelwoodist.com\/index.php\/ziyaretci-profili\/\" \/>\n<meta property=\"og:site_name\" content=\"Nobel Woodist\" \/>\n<meta property=\"article:modified_time\" content=\"2023-06-01T08:19:52+00:00\" \/>\n<meta name=\"twitter:card\" content=\"summary_large_image\" \/>\n<meta name=\"twitter:label1\" content=\"Tahmini okuma s\u00fcresi\" \/>\n\t<meta name=\"twitter:data1\" content=\"1 dakika\" \/>\n<script type=\"application\/ld+json\" class=\"yoast-schema-graph\">{\"@context\":\"https:\/\/schema.org\",\"@graph\":[{\"@type\":\"WebPage\",\"@id\":\"https:\/\/www.nobelwoodist.com\/index.php\/ziyaretci-profili\/\",\"url\":\"https:\/\/www.nobelwoodist.com\/index.php\/ziyaretci-profili\/\",\"name\":\"Ziyaret\u00e7i Profili - Nobel Woodist\",\"isPartOf\":{\"@id\":\"https:\/\/www.nobelwoodist.com\/#website\"},\"datePublished\":\"2023-05-31T12:48:39+00:00\",\"dateModified\":\"2023-06-01T08:19:52+00:00\",\"breadcrumb\":{\"@id\":\"https:\/\/www.nobelwoodist.com\/index.php\/ziyaretci-profili\/#breadcrumb\"},\"inLanguage\":\"tr\",\"potentialAction\":[{\"@type\":\"ReadAction\",\"target\":[\"https:\/\/www.nobelwoodist.com\/index.php\/ziyaretci-profili\/\"]}]},{\"@type\":\"BreadcrumbList\",\"@id\":\"https:\/\/www.nobelwoodist.com\/index.php\/ziyaretci-profili\/#breadcrumb\",\"itemListElement\":[{\"@type\":\"ListItem\",\"position\":1,\"name\":\"Anasayfa\",\"item\":\"https:\/\/www.nobelwoodist.com\/\"},{\"@type\":\"ListItem\",\"position\":2,\"name\":\"Ziyaret\u00e7i Profili\"}]},{\"@type\":\"WebSite\",\"@id\":\"https:\/\/www.nobelwoodist.com\/#website\",\"url\":\"https:\/\/www.nobelwoodist.com\/\",\"name\":\"Nobel Woodist\",\"description\":\"Nobel Fuar Grubu\",\"potentialAction\":[{\"@type\":\"SearchAction\",\"target\":{\"@type\":\"EntryPoint\",\"urlTemplate\":\"https:\/\/www.nobelwoodist.com\/?s={search_term_string}\"},\"query-input\":\"required name=search_term_string\"}],\"inLanguage\":\"tr\"}]}<\/script>\n<!-- \/ Yoast SEO plugin. -->","yoast_head_json":{"title":"Ziyaret\u00e7i Profili - Nobel Woodist","robots":{"index":"index","follow":"follow","max-snippet":"max-snippet:-1","max-image-preview":"max-image-preview:large","max-video-preview":"max-video-preview:-1"},"canonical":"https:\/\/www.nobelwoodist.com\/index.php\/ziyaretci-profili\/","og_locale":"tr_TR","og_type":"article","og_title":"Ziyaret\u00e7i Profili - Nobel Woodist","og_description":"WOOD\u0130ST \u201923 FUARINI K\u0130M Z\u0130YARET ED\u0130YOR? Wood\u0130st &#8217;23 Fuar\u0131&#8217;n\u0131n ziyaret\u00e7i profili a\u015fa\u011f\u0131daki gibi olabilir: 1. Ah\u015fap i\u015fleme sekt\u00f6r\u00fcndeki profesyoneller ve uzmanlar 2. Mobilya \u00fcreticileri ve tasar\u0131mc\u0131lar\u0131 3. Marangozlar ve ah\u015fap i\u015f\u00e7ileri 4. \u0130n\u015faat \u015firketleri ve ta\u015feronlar 5. \u0130\u00e7 mimarlar ve dekorat\u00f6rler 6. Mobilya yan sanayi ve aksesuarlar\u0131 tedarik\u00e7ileri 7. Ah\u015fap malzeme tedarik\u00e7ileri 8. Perakende sekt\u00f6r\u00fcndeki [&hellip;]","og_url":"https:\/\/www.nobelwoodist.com\/index.php\/ziyaretci-profili\/","og_site_name":"Nobel Woodist","article_modified_time":"2023-06-01T08:19:52+00:00","twitter_card":"summary_large_image","twitter_misc":{"Tahmini okuma s\u00fcresi":"1 dakika"},"schema":{"@context":"https:\/\/schema.org","@graph":[{"@type":"WebPage","@id":"https:\/\/www.nobelwoodist.com\/index.php\/ziyaretci-profili\/","url":"https:\/\/www.nobelwoodist.com\/index.php\/ziyaretci-profili\/","name":"Ziyaret\u00e7i Profili - Nobel Woodist","isPartOf":{"@id":"https:\/\/www.nobelwoodist.com\/#website"},"datePublished":"2023-05-31T12:48:39+00:00","dateModified":"2023-06-01T08:19:52+00:00","breadcrumb":{"@id":"https:\/\/www.nobelwoodist.com\/index.php\/ziyaretci-profili\/#breadcrumb"},"inLanguage":"tr","potentialAction":[{"@type":"ReadAction","target":["https:\/\/www.nobelwoodist.com\/index.php\/ziyaretci-profili\/"]}]},{"@type":"BreadcrumbList","@id":"https:\/\/www.nobelwoodist.com\/index.php\/ziyaretci-profili\/#breadcrumb","itemListElement":[{"@type":"ListItem","position":1,"name":"Anasayfa","item":"https:\/\/www.nobelwoodist.com\/"},{"@type":"ListItem","position":2,"name":"Ziyaret\u00e7i Profili"}]},{"@type":"WebSite","@id":"https:\/\/www.nobelwoodist.com\/#website","url":"https:\/\/www.nobelwoodist.com\/","name":"Nobel Woodist","description":"Nobel Fuar Grubu","potentialAction":[{"@type":"SearchAction","target":{"@type":"EntryPoint","urlTemplate":"https:\/\/www.nobelwoodist.com\/?s={search_term_string}"},"query-input":"required name=search_term_string"}],"inLanguage":"tr"}]}},"acf":[],"_links":{"self":[{"href":"https:\/\/www.nobelwoodist.com\/index.php\/wp-json\/wp\/v2\/pages\/2207","targetHints":{"allow":["GET"]}}],"collection":[{"href":"https:\/\/www.nobelwoodist.com\/index.php\/wp-json\/wp\/v2\/pages"}],"about":[{"href":"https:\/\/www.nobelwoodist.com\/index.php\/wp-json\/wp\/v2\/types\/page"}],"author":[{"embeddable":true,"href":"https:\/\/www.nobelwoodist.com\/index.php\/wp-json\/wp\/v2\/users\/1"}],"replies":[{"embeddable":true,"href":"https:\/\/www.nobelwoodist.com\/index.php\/wp-json\/wp\/v2\/comments?post=2207"}],"version-history":[{"count":3,"href":"https:\/\/www.nobelwoodist.com\/index.php\/wp-json\/wp\/v2\/pages\/2207\/revisions"}],"predecessor-version":[{"id":2300,"href":"https:\/\/www.nobelwoodist.com\/index.php\/wp-json\/wp\/v2\/pages\/2207\/revisions\/2300"}],"wp:attachment":[{"href":"https:\/\/www.nobelwoodist.com\/index.php\/wp-json\/wp\/v2\/media?parent=2207"}],"curies":[{"name":"wp","href":"https:\/\/api.w.org\/{rel}","templated":true}]}}