{"id":2205,"date":"2023-05-31T15:46:08","date_gmt":"2023-05-31T12:46:08","guid":{"rendered":"https:\/\/www.nobelwoodist.com\/?page_id=2205"},"modified":"2023-06-03T10:33:26","modified_gmt":"2023-06-03T07:33:26","slug":"neden-ziyaret-etmelisiniz","status":"publish","type":"page","link":"https:\/\/www.nobelwoodist.com\/index.php\/neden-ziyaret-etmelisiniz\/","title":{"rendered":"Neden Ziyaret Etmelisiniz?"},"content":{"rendered":"\t\t<div data-elementor-type=\"wp-page\" data-elementor-id=\"2205\" class=\"elementor elementor-2205\">\n\t\t\t\t\t\t\t\t\t<section class=\"elementor-section elementor-top-section elementor-element elementor-element-66edf91e elementor-section-boxed elementor-section-height-default elementor-section-height-default\" data-id=\"66edf91e\" data-element_type=\"section\">\n\t\t\t\t\t\t<div class=\"elementor-container elementor-column-gap-default\">\n\t\t\t\t\t<div class=\"elementor-column elementor-col-100 elementor-top-column elementor-element elementor-element-32bb1cdd\" data-id=\"32bb1cdd\" data-element_type=\"column\">\n\t\t\t<div class=\"elementor-widget-wrap elementor-element-populated\">\n\t\t\t\t\t\t\t\t<div class=\"elementor-element elementor-element-21ca9b48 elementor-widget elementor-widget-text-editor\" data-id=\"21ca9b48\" data-element_type=\"widget\" data-widget_type=\"text-editor.default\">\n\t\t\t\t<div class=\"elementor-widget-container\">\n\t\t\t<style>\/*! elementor - v3.18.0 - 20-12-2023 *\/\n.elementor-widget-text-editor.elementor-drop-cap-view-stacked .elementor-drop-cap{background-color:#69727d;color:#fff}.elementor-widget-text-editor.elementor-drop-cap-view-framed .elementor-drop-cap{color:#69727d;border:3px solid;background-color:transparent}.elementor-widget-text-editor:not(.elementor-drop-cap-view-default) .elementor-drop-cap{margin-top:8px}.elementor-widget-text-editor:not(.elementor-drop-cap-view-default) .elementor-drop-cap-letter{width:1em;height:1em}.elementor-widget-text-editor .elementor-drop-cap{float:left;text-align:center;line-height:1;font-size:50px}.elementor-widget-text-editor .elementor-drop-cap-letter{display:inline-block}<\/style>\t\t\t\t<p><!-- wp:heading {\"level\":1} --><\/p>\n<h1 class=\"wp-block-heading\"><strong>WOOD\u0130ST \u201923 FUARINI <br \/>Z\u0130YARET ETMEN\u0130Z \u0130\u00c7\u0130N <br \/>EN \u00d6NEML\u0130 <mark class=\"has-inline-color has-luminous-vivid-orange-color\" style=\"background-color: rgba(0, 0, 0, 0);\">5<\/mark> NEDEN<\/strong><\/h1>\n<div><strong>\u00a0<\/strong><\/div>\n<div><strong>\u00a0<\/strong><\/div>\n<p><!-- \/wp:heading --><\/p>\n<p><!-- wp:paragraph --><\/p>\n<p><img decoding=\"async\" class=\"alignnone wp-image-2452\" style=\"width: 60px;\" src=\"https:\/\/www.nobelwoodist.com\/wp-content\/uploads\/2023\/06\/monitor.png\" alt=\"\" width=\"60\" height=\"60\" srcset=\"https:\/\/www.nobelwoodist.com\/wp-content\/uploads\/2023\/06\/monitor.png 512w, https:\/\/www.nobelwoodist.com\/wp-content\/uploads\/2023\/06\/monitor-300x300.png 300w, https:\/\/www.nobelwoodist.com\/wp-content\/uploads\/2023\/06\/monitor-150x150.png 150w, https:\/\/www.nobelwoodist.com\/wp-content\/uploads\/2023\/06\/monitor-100x100.png 100w\" sizes=\"(max-width: 60px) 100vw, 60px\" \/>\u00a0 \u00a0<strong> G\u00f6zlemle ve Kar\u015f\u0131la\u015ft\u0131r:<\/strong><\/p>\n<p>Wood\u0130st &#8217;23 Fuar\u0131, Avrasya&#8217;n\u0131n en b\u00fcy\u00fck ah\u015fap teknolojileri fuar\u0131 olarak sekt\u00f6r\u00fcn lider firmalar\u0131n\u0131 ve markalar\u0131n\u0131 bir araya getiriyor. Bu fuarda, i\u015fleyi\u015f halindeki makineleri g\u00f6zlemleyebilir ve farkl\u0131 firmalar\u0131n \u00fcr\u00fcnlerini kolayl\u0131kla kar\u015f\u0131la\u015ft\u0131rma \u015fans\u0131 bulabilirsiniz.<\/p>\n<p>&nbsp;<\/p>\n<p><!-- \/wp:paragraph --><\/p>\n<p><!-- wp:paragraph --><\/p>\n<p><img decoding=\"async\" class=\"alignnone wp-image-2451\" style=\"width: 60px;\" src=\"https:\/\/www.nobelwoodist.com\/wp-content\/uploads\/2023\/06\/technology.png\" alt=\"\" width=\"60\" height=\"60\" srcset=\"https:\/\/www.nobelwoodist.com\/wp-content\/uploads\/2023\/06\/technology.png 200w, https:\/\/www.nobelwoodist.com\/wp-content\/uploads\/2023\/06\/technology-150x150.png 150w, https:\/\/www.nobelwoodist.com\/wp-content\/uploads\/2023\/06\/technology-100x100.png 100w\" sizes=\"(max-width: 60px) 100vw, 60px\" \/><strong>\u00a0 \u00a0 D\u00fcnya Markalar\u0131 ve Teknolojik Yenilikler:<\/strong><\/p>\n<p>Wood\u0130st &#8217;23 Fuar\u0131, d\u00fcnya markalar\u0131n\u0131 a\u011f\u0131rlayarak size, sekt\u00f6r\u00fcn\u00fczdeki en son geli\u015fmeleri ve teknolojik yenilikleri yak\u0131ndan takip etme f\u0131rsat\u0131 sunuyor. \u00d6nde gelen \u00fcreticilerin yeni makinelerini inceleyerek sekt\u00f6rdeki konumlanman\u0131z\u0131 belirleyebilirsiniz.<\/p>\n<p>&nbsp;<\/p>\n<p><!-- \/wp:paragraph --><\/p>\n<p><!-- wp:paragraph --><\/p>\n<p><img decoding=\"async\" class=\"alignnone wp-image-2453\" style=\"width: 60px;\" src=\"https:\/\/www.nobelwoodist.com\/wp-content\/uploads\/2023\/06\/b2b.png\" alt=\"\" width=\"60\" height=\"60\" srcset=\"https:\/\/www.nobelwoodist.com\/wp-content\/uploads\/2023\/06\/b2b.png 512w, https:\/\/www.nobelwoodist.com\/wp-content\/uploads\/2023\/06\/b2b-300x300.png 300w, https:\/\/www.nobelwoodist.com\/wp-content\/uploads\/2023\/06\/b2b-150x150.png 150w, https:\/\/www.nobelwoodist.com\/wp-content\/uploads\/2023\/06\/b2b-100x100.png 100w\" sizes=\"(max-width: 60px) 100vw, 60px\" \/><strong>\u00a0 \u00a0 B2B E\u015fle\u015ftirme Program\u0131:<\/strong><\/p>\n<p>\u00dccretsiz olarak kullanabilece\u011finiz fuar randevu program\u0131 sayesinde hedefledi\u011finiz firmalarla kolayca ileti\u015fime ge\u00e7ebilir ve g\u00f6r\u00fc\u015fme programlar\u0131 olu\u015fturabilirsiniz. \u0130lgi alan\u0131n\u0131za g\u00f6re firmalar\u0131 filtreleyerek zaman\u0131n\u0131z\u0131 daha etkili bir \u015fekilde kullanabilir ve daha fazla firma ile ba\u011flant\u0131 kurabilirsiniz.<\/p>\n<p>&nbsp;<\/p>\n<p><!-- \/wp:paragraph --><\/p>\n<p><!-- wp:paragraph --><\/p>\n<p><img loading=\"lazy\" decoding=\"async\" class=\"alignnone wp-image-2454\" style=\"width: 60px;\" src=\"https:\/\/www.nobelwoodist.com\/wp-content\/uploads\/2023\/06\/manager.png\" alt=\"\" width=\"60\" height=\"60\" srcset=\"https:\/\/www.nobelwoodist.com\/wp-content\/uploads\/2023\/06\/manager.png 512w, https:\/\/www.nobelwoodist.com\/wp-content\/uploads\/2023\/06\/manager-300x300.png 300w, https:\/\/www.nobelwoodist.com\/wp-content\/uploads\/2023\/06\/manager-150x150.png 150w, https:\/\/www.nobelwoodist.com\/wp-content\/uploads\/2023\/06\/manager-100x100.png 100w\" sizes=\"(max-width: 60px) 100vw, 60px\" \/><strong>\u00a0 \u00a0 Firma Sahipleri\/\u00dcst-D\u00fczey Y\u00f6neticiler ile Birebir G\u00f6r\u00fc\u015fme \u0130mk\u00e2n\u0131:<\/strong><\/p>\n<p>Wood\u0130st &#8217;23 Fuar\u0131 siz de\u011ferli ziyaret\u00e7ilerine, yerli ve yabanc\u0131 \u00fcreticilerin ve tedarik\u00e7i firmalar\u0131n sahipleri ya da \u00fcst-d\u00fczey y\u00f6neticileri ile birebir g\u00f6r\u00fc\u015fme imk\u00e2n\u0131 sunuyor. Bu sayede i\u015f birlikleri i\u00e7in do\u011frudan ileti\u015fim kurabilir ve yeni i\u015f f\u0131rsatlar\u0131 olu\u015fturabilirsiniz.<\/p>\n<p>&nbsp;<\/p>\n<p><!-- \/wp:paragraph --><\/p>\n<p><!-- wp:paragraph --><\/p>\n<p><img loading=\"lazy\" decoding=\"async\" class=\"alignnone wp-image-2455\" style=\"width: 60px;\" src=\"https:\/\/www.nobelwoodist.com\/wp-content\/uploads\/2023\/06\/bridge.png\" alt=\"\" width=\"60\" height=\"60\" srcset=\"https:\/\/www.nobelwoodist.com\/wp-content\/uploads\/2023\/06\/bridge.png 512w, https:\/\/www.nobelwoodist.com\/wp-content\/uploads\/2023\/06\/bridge-300x300.png 300w, https:\/\/www.nobelwoodist.com\/wp-content\/uploads\/2023\/06\/bridge-150x150.png 150w, https:\/\/www.nobelwoodist.com\/wp-content\/uploads\/2023\/06\/bridge-100x100.png 100w\" sizes=\"(max-width: 60px) 100vw, 60px\" \/><strong>\u00a0 \u00a0 \u0130stanbul, Avrupa&#8217;n\u0131n En B\u00fcy\u00fc\u011f\u00fc:<\/strong><\/p>\n<p>Wood\u0130st &#8217;23 Fuar\u0131, \u0130stanbul&#8217;da ger\u00e7ekle\u015fiyor. D\u00fcnyan\u0131n en k\u00f6kl\u00fc ve b\u00fcy\u00fck \u015fehirlerinden biri olan \u0130stanbul, ekonomik ya\u015fam\u0131n merkezi olarak stratejik bir konuma sahiptir. \u015eehir ayn\u0131 zamanda b\u00fcy\u00fck bir sanayi merkezi olup T\u00fcrkiye&#8217;nin \u00f6nde gelen sanayi kurulu\u015flar\u0131na ev sahipli\u011fi yapmaktad\u0131r. Kadim tarihi, an\u0131tlar\u0131 ve d\u00fcnya \u00e7ap\u0131nda \u00fcn kazanm\u0131\u015f Bo\u011faz\u2019\u0131yla \u0130stanbul, turizm merkezi olarak da g\u00f6zde bir destinasyondur.<\/p>\n<p><!-- \/wp:paragraph --><\/p>\n<p><!-- wp:paragraph --><\/p>\n<p>Wood\u0130st &#8217;23 Fuar\u0131, ah\u015fap sekt\u00f6r\u00fcnde \u00f6nc\u00fc bir bulu\u015fma noktas\u0131d\u0131r. Bu fuara kat\u0131larak sekt\u00f6r\u00fcn\u00fczdeki yenilikleri yakalayabilir, i\u015f birliklerinizi geni\u015fletebilir ve gelece\u011fe y\u00f6nelik yat\u0131r\u0131mlar\u0131n\u0131z\u0131 \u015fekillendirebilirsiniz. Sizi Wood\u0130st &#8217;23 Fuar\u0131&#8217;na bekliyoruz!<\/p>\n<p><!-- \/wp:paragraph --><\/p>\t\t\t\t\t\t<\/div>\n\t\t\t\t<\/div>\n\t\t\t\t\t<\/div>\n\t\t<\/div>\n\t\t\t\t\t\t\t<\/div>\n\t\t<\/section>\n\t\t\t\t\t\t\t<\/div>\n\t\t","protected":false},"excerpt":{"rendered":"<p>WOOD\u0130ST \u201923 FUARINI Z\u0130YARET ETMEN\u0130Z \u0130\u00c7\u0130N EN \u00d6NEML\u0130 5 NEDEN \u00a0 \u00a0 \u00a0 \u00a0 G\u00f6zlemle ve Kar\u015f\u0131la\u015ft\u0131r: Wood\u0130st &#8217;23 Fuar\u0131, Avrasya&#8217;n\u0131n en b\u00fcy\u00fck ah\u015fap teknolojileri fuar\u0131 olarak sekt\u00f6r\u00fcn lider firmalar\u0131n\u0131 ve markalar\u0131n\u0131 bir araya getiriyor. Bu fuarda, i\u015fleyi\u015f halindeki makineleri g\u00f6zlemleyebilir ve farkl\u0131 firmalar\u0131n \u00fcr\u00fcnlerini kolayl\u0131kla kar\u015f\u0131la\u015ft\u0131rma \u015fans\u0131 bulabilirsiniz. &nbsp; \u00a0 \u00a0 D\u00fcnya Markalar\u0131 ve [&hellip;]<\/p>\n","protected":false},"author":1,"featured_media":0,"parent":0,"menu_order":0,"comment_status":"closed","ping_status":"closed","template":"","meta":{"footnotes":""},"class_list":["post-2205","page","type-page","status-publish","hentry"],"yoast_head":"<!-- This site is optimized with the Yoast SEO plugin v21.7 - https:\/\/yoast.com\/wordpress\/plugins\/seo\/ -->\n<title>Neden Ziyaret Etmelisiniz? - Nobel Woodist<\/title>\n<meta name=\"robots\" content=\"index, follow, max-snippet:-1, max-image-preview:large, max-video-preview:-1\" \/>\n<link rel=\"canonical\" href=\"https:\/\/www.nobelwoodist.com\/index.php\/neden-ziyaret-etmelisiniz\/\" \/>\n<meta property=\"og:locale\" content=\"tr_TR\" \/>\n<meta property=\"og:type\" content=\"article\" \/>\n<meta property=\"og:title\" content=\"Neden Ziyaret Etmelisiniz? - Nobel Woodist\" \/>\n<meta property=\"og:description\" content=\"WOOD\u0130ST \u201923 FUARINI Z\u0130YARET ETMEN\u0130Z \u0130\u00c7\u0130N EN \u00d6NEML\u0130 5 NEDEN \u00a0 \u00a0 \u00a0 \u00a0 G\u00f6zlemle ve Kar\u015f\u0131la\u015ft\u0131r: Wood\u0130st &#8217;23 Fuar\u0131, Avrasya&#8217;n\u0131n en b\u00fcy\u00fck ah\u015fap teknolojileri fuar\u0131 olarak sekt\u00f6r\u00fcn lider firmalar\u0131n\u0131 ve markalar\u0131n\u0131 bir araya getiriyor. Bu fuarda, i\u015fleyi\u015f halindeki makineleri g\u00f6zlemleyebilir ve farkl\u0131 firmalar\u0131n \u00fcr\u00fcnlerini kolayl\u0131kla kar\u015f\u0131la\u015ft\u0131rma \u015fans\u0131 bulabilirsiniz. &nbsp; \u00a0 \u00a0 D\u00fcnya Markalar\u0131 ve [&hellip;]\" \/>\n<meta property=\"og:url\" content=\"https:\/\/www.nobelwoodist.com\/index.php\/neden-ziyaret-etmelisiniz\/\" \/>\n<meta property=\"og:site_name\" content=\"Nobel Woodist\" \/>\n<meta property=\"article:modified_time\" content=\"2023-06-03T07:33:26+00:00\" \/>\n<meta property=\"og:image\" content=\"https:\/\/www.nobelwoodist.com\/wp-content\/uploads\/2023\/06\/monitor.png\" \/>\n<meta name=\"twitter:card\" content=\"summary_large_image\" \/>\n<meta name=\"twitter:label1\" content=\"Tahmini okuma s\u00fcresi\" \/>\n\t<meta name=\"twitter:data1\" content=\"3 dakika\" \/>\n<script type=\"application\/ld+json\" class=\"yoast-schema-graph\">{\"@context\":\"https:\/\/schema.org\",\"@graph\":[{\"@type\":\"WebPage\",\"@id\":\"https:\/\/www.nobelwoodist.com\/index.php\/neden-ziyaret-etmelisiniz\/\",\"url\":\"https:\/\/www.nobelwoodist.com\/index.php\/neden-ziyaret-etmelisiniz\/\",\"name\":\"Neden Ziyaret Etmelisiniz? - Nobel Woodist\",\"isPartOf\":{\"@id\":\"https:\/\/www.nobelwoodist.com\/#website\"},\"datePublished\":\"2023-05-31T12:46:08+00:00\",\"dateModified\":\"2023-06-03T07:33:26+00:00\",\"breadcrumb\":{\"@id\":\"https:\/\/www.nobelwoodist.com\/index.php\/neden-ziyaret-etmelisiniz\/#breadcrumb\"},\"inLanguage\":\"tr\",\"potentialAction\":[{\"@type\":\"ReadAction\",\"target\":[\"https:\/\/www.nobelwoodist.com\/index.php\/neden-ziyaret-etmelisiniz\/\"]}]},{\"@type\":\"BreadcrumbList\",\"@id\":\"https:\/\/www.nobelwoodist.com\/index.php\/neden-ziyaret-etmelisiniz\/#breadcrumb\",\"itemListElement\":[{\"@type\":\"ListItem\",\"position\":1,\"name\":\"Anasayfa\",\"item\":\"https:\/\/www.nobelwoodist.com\/\"},{\"@type\":\"ListItem\",\"position\":2,\"name\":\"Neden Ziyaret Etmelisiniz?\"}]},{\"@type\":\"WebSite\",\"@id\":\"https:\/\/www.nobelwoodist.com\/#website\",\"url\":\"https:\/\/www.nobelwoodist.com\/\",\"name\":\"Nobel Woodist\",\"description\":\"Nobel Fuar Grubu\",\"potentialAction\":[{\"@type\":\"SearchAction\",\"target\":{\"@type\":\"EntryPoint\",\"urlTemplate\":\"https:\/\/www.nobelwoodist.com\/?s={search_term_string}\"},\"query-input\":\"required name=search_term_string\"}],\"inLanguage\":\"tr\"}]}<\/script>\n<!-- \/ Yoast SEO plugin. -->","yoast_head_json":{"title":"Neden Ziyaret Etmelisiniz? - Nobel Woodist","robots":{"index":"index","follow":"follow","max-snippet":"max-snippet:-1","max-image-preview":"max-image-preview:large","max-video-preview":"max-video-preview:-1"},"canonical":"https:\/\/www.nobelwoodist.com\/index.php\/neden-ziyaret-etmelisiniz\/","og_locale":"tr_TR","og_type":"article","og_title":"Neden Ziyaret Etmelisiniz? - Nobel Woodist","og_description":"WOOD\u0130ST \u201923 FUARINI Z\u0130YARET ETMEN\u0130Z \u0130\u00c7\u0130N EN \u00d6NEML\u0130 5 NEDEN \u00a0 \u00a0 \u00a0 \u00a0 G\u00f6zlemle ve Kar\u015f\u0131la\u015ft\u0131r: Wood\u0130st &#8217;23 Fuar\u0131, Avrasya&#8217;n\u0131n en b\u00fcy\u00fck ah\u015fap teknolojileri fuar\u0131 olarak sekt\u00f6r\u00fcn lider firmalar\u0131n\u0131 ve markalar\u0131n\u0131 bir araya getiriyor. Bu fuarda, i\u015fleyi\u015f halindeki makineleri g\u00f6zlemleyebilir ve farkl\u0131 firmalar\u0131n \u00fcr\u00fcnlerini kolayl\u0131kla kar\u015f\u0131la\u015ft\u0131rma \u015fans\u0131 bulabilirsiniz. &nbsp; \u00a0 \u00a0 D\u00fcnya Markalar\u0131 ve [&hellip;]","og_url":"https:\/\/www.nobelwoodist.com\/index.php\/neden-ziyaret-etmelisiniz\/","og_site_name":"Nobel Woodist","article_modified_time":"2023-06-03T07:33:26+00:00","og_image":[{"url":"https:\/\/www.nobelwoodist.com\/wp-content\/uploads\/2023\/06\/monitor.png"}],"twitter_card":"summary_large_image","twitter_misc":{"Tahmini okuma s\u00fcresi":"3 dakika"},"schema":{"@context":"https:\/\/schema.org","@graph":[{"@type":"WebPage","@id":"https:\/\/www.nobelwoodist.com\/index.php\/neden-ziyaret-etmelisiniz\/","url":"https:\/\/www.nobelwoodist.com\/index.php\/neden-ziyaret-etmelisiniz\/","name":"Neden Ziyaret Etmelisiniz? - Nobel Woodist","isPartOf":{"@id":"https:\/\/www.nobelwoodist.com\/#website"},"datePublished":"2023-05-31T12:46:08+00:00","dateModified":"2023-06-03T07:33:26+00:00","breadcrumb":{"@id":"https:\/\/www.nobelwoodist.com\/index.php\/neden-ziyaret-etmelisiniz\/#breadcrumb"},"inLanguage":"tr","potentialAction":[{"@type":"ReadAction","target":["https:\/\/www.nobelwoodist.com\/index.php\/neden-ziyaret-etmelisiniz\/"]}]},{"@type":"BreadcrumbList","@id":"https:\/\/www.nobelwoodist.com\/index.php\/neden-ziyaret-etmelisiniz\/#breadcrumb","itemListElement":[{"@type":"ListItem","position":1,"name":"Anasayfa","item":"https:\/\/www.nobelwoodist.com\/"},{"@type":"ListItem","position":2,"name":"Neden Ziyaret Etmelisiniz?"}]},{"@type":"WebSite","@id":"https:\/\/www.nobelwoodist.com\/#website","url":"https:\/\/www.nobelwoodist.com\/","name":"Nobel Woodist","description":"Nobel Fuar Grubu","potentialAction":[{"@type":"SearchAction","target":{"@type":"EntryPoint","urlTemplate":"https:\/\/www.nobelwoodist.com\/?s={search_term_string}"},"query-input":"required name=search_term_string"}],"inLanguage":"tr"}]}},"acf":[],"_links":{"self":[{"href":"https:\/\/www.nobelwoodist.com\/index.php\/wp-json\/wp\/v2\/pages\/2205","targetHints":{"allow":["GET"]}}],"collection":[{"href":"https:\/\/www.nobelwoodist.com\/index.php\/wp-json\/wp\/v2\/pages"}],"about":[{"href":"https:\/\/www.nobelwoodist.com\/index.php\/wp-json\/wp\/v2\/types\/page"}],"author":[{"embeddable":true,"href":"https:\/\/www.nobelwoodist.com\/index.php\/wp-json\/wp\/v2\/users\/1"}],"replies":[{"embeddable":true,"href":"https:\/\/www.nobelwoodist.com\/index.php\/wp-json\/wp\/v2\/comments?post=2205"}],"version-history":[{"count":23,"href":"https:\/\/www.nobelwoodist.com\/index.php\/wp-json\/wp\/v2\/pages\/2205\/revisions"}],"predecessor-version":[{"id":2626,"href":"https:\/\/www.nobelwoodist.com\/index.php\/wp-json\/wp\/v2\/pages\/2205\/revisions\/2626"}],"wp:attachment":[{"href":"https:\/\/www.nobelwoodist.com\/index.php\/wp-json\/wp\/v2\/media?parent=2205"}],"curies":[{"name":"wp","href":"https:\/\/api.w.org\/{rel}","templated":true}]}}