{"id":2202,"date":"2023-05-31T15:42:09","date_gmt":"2023-05-31T12:42:09","guid":{"rendered":"https:\/\/www.nobelwoodist.com\/?page_id=2202"},"modified":"2023-06-05T10:09:49","modified_gmt":"2023-06-05T07:09:49","slug":"katilimci-profili","status":"publish","type":"page","link":"https:\/\/www.nobelwoodist.com\/index.php\/katilimci-profili\/","title":{"rendered":"Kat\u0131l\u0131mc\u0131 Profili"},"content":{"rendered":"\n<h1 class=\"wp-block-heading\"><strong>WOOD\u0130ST \u201923 FUARINA<\/strong><\/h1>\n\n\n\n<h1 class=\"wp-block-heading\"><strong style=\"margin-bottom:30px; display:block;\"><mark style=\"background-color:rgba(0, 0, 0, 0)\" class=\"has-inline-color has-luminous-vivid-orange-color\">K\u0130M <\/mark>KATILIYOR?<\/strong><\/h1>\n\n\n\n<p>Wood\u0130st &#8217;23 Fuar\u0131&#8217;na a\u015fa\u011f\u0131daki sekt\u00f6r ve kat\u0131l\u0131mc\u0131 profillerinden profesyoneller kat\u0131lmaktad\u0131r:<\/p>\n\n\n\n<ul class=\"wp-block-list\">\n<li>Ah\u015fap \u00dcretim Teknolojileri \u00dcreticileri:\n<ul class=\"wp-block-list\">\n<li>Ah\u015fap \u0130\u015fleme Makineleri<\/li>\n\n\n\n<li>CNC Makineleri<\/li>\n\n\n\n<li>Kesici Tak\u0131mlar<\/li>\n\n\n\n<li>Vernikleme Makineleri<\/li>\n<\/ul>\n<\/li>\n<\/ul>\n\n\n\n<ul class=\"wp-block-list\">\n<li>Mobilya \u00dcreticileri:\n<ul class=\"wp-block-list\">\n<li>Mobilya \u00dcretimi Yapan \u015eirketler<\/li>\n\n\n\n<li>Marangozlar<\/li>\n\n\n\n<li>\u0130\u00e7 Mimarlar<\/li>\n\n\n\n<li>Tasar\u0131mc\u0131lar<\/li>\n<\/ul>\n<\/li>\n\n\n\n<li>Kesici Tak\u0131mlar \u00dcreticileri:\n<ul class=\"wp-block-list\">\n<li>Ah\u015fap Kesme<\/li>\n\n\n\n<li>Oyma ve Delme<\/li>\n\n\n\n<li>Kesici Tak\u0131mlar<\/li>\n<\/ul>\n<\/li>\n\n\n\n<li>El Aletleri \u00dcreticileri:\n<ul class=\"wp-block-list\">\n<li>Ah\u015fap \u0130\u015fleme \u0130\u00e7in El Aletleri \u00dcreticileri<\/li>\n\n\n\n<li>Testere \u00dcreticileri<\/li>\n\n\n\n<li>Z\u0131mpara ve Cila \u00dcreticileri<\/li>\n<\/ul>\n<\/li>\n\n\n\n<li>Mobilya Yan Sanayi \u00dcreticileri:\n<ul class=\"wp-block-list\">\n<li>Kaplamalar \u00dcreticileri:<\/li>\n\n\n\n<li>Mente\u015fe ve Tutucu \u00dcreticileri<\/li>\n\n\n\n<li>Tekerlek \u00dcreticileri<\/li>\n<\/ul>\n<\/li>\n\n\n\n<li>Ah\u015fap Malzeme Tedarik\u00e7ileri:\n<ul class=\"wp-block-list\">\n<li>Levha \u00dcretici ve Tedarik\u00e7ileri<\/li>\n\n\n\n<li>Do\u011fal Ah\u015fap \u00dcretici ve Tedarik\u00e7ileri<\/li>\n\n\n\n<li>Kaplama Malzemeleri \u00dcreticileri ve Tedarik\u00e7ileri<\/li>\n<\/ul>\n<\/li>\n\n\n\n<li>Aksesuar \u00dcreticileri:\n<ul class=\"wp-block-list\">\n<li>Mobilya ve Ah\u015fap \u00dcretiminde Kullan\u0131lan Dekoratif Aksesuarlar<\/li>\n\n\n\n<li>Kulp, Mente\u015fe, S\u00fcsleme Elemanlar\u0131 vb. Tedarik\u00e7ileri<\/li>\n<\/ul>\n<\/li>\n<\/ul>\n\n\n\n<p>Woodist \u201823, ah\u015fap sekt\u00f6r\u00fcnde faaliyet g\u00f6steren her t\u00fcrl\u00fc firma ve profesyonel i\u00e7in heyecan verici bir bulu\u015fma noktas\u0131d\u0131r. Kat\u0131l\u0131mc\u0131lar, sekt\u00f6rdeki son geli\u015fmeleri takip etmek, yeni i\u015f f\u0131rsatlar\u0131 ke\u015ffetmek ve i\u015f birliklerini geli\u015ftirmek i\u00e7in bu f\u0131rsat\u0131 ge\u00e7 kalmadan de\u011ferlendirmektedirler.<\/p>\n","protected":false},"excerpt":{"rendered":"<p>WOOD\u0130ST \u201923 FUARINA K\u0130M KATILIYOR? Wood\u0130st &#8217;23 Fuar\u0131&#8217;na a\u015fa\u011f\u0131daki sekt\u00f6r ve kat\u0131l\u0131mc\u0131 profillerinden profesyoneller kat\u0131lmaktad\u0131r: Woodist \u201823, ah\u015fap sekt\u00f6r\u00fcnde faaliyet g\u00f6steren her t\u00fcrl\u00fc firma ve profesyonel i\u00e7in heyecan verici bir bulu\u015fma noktas\u0131d\u0131r. Kat\u0131l\u0131mc\u0131lar, sekt\u00f6rdeki son geli\u015fmeleri takip etmek, yeni i\u015f f\u0131rsatlar\u0131 ke\u015ffetmek ve i\u015f birliklerini geli\u015ftirmek i\u00e7in bu f\u0131rsat\u0131 ge\u00e7 kalmadan de\u011ferlendirmektedirler.<\/p>\n","protected":false},"author":1,"featured_media":0,"parent":0,"menu_order":0,"comment_status":"closed","ping_status":"closed","template":"","meta":{"footnotes":""},"class_list":["post-2202","page","type-page","status-publish","hentry"],"yoast_head":"<!-- This site is optimized with the Yoast SEO plugin v21.7 - https:\/\/yoast.com\/wordpress\/plugins\/seo\/ -->\n<title>Kat\u0131l\u0131mc\u0131 Profili - Nobel Woodist<\/title>\n<meta name=\"robots\" content=\"index, follow, max-snippet:-1, max-image-preview:large, max-video-preview:-1\" \/>\n<link rel=\"canonical\" href=\"https:\/\/www.nobelwoodist.com\/index.php\/katilimci-profili\/\" \/>\n<meta property=\"og:locale\" content=\"tr_TR\" \/>\n<meta property=\"og:type\" content=\"article\" \/>\n<meta property=\"og:title\" content=\"Kat\u0131l\u0131mc\u0131 Profili - Nobel Woodist\" \/>\n<meta property=\"og:description\" content=\"WOOD\u0130ST \u201923 FUARINA K\u0130M KATILIYOR? Wood\u0130st &#8217;23 Fuar\u0131&#8217;na a\u015fa\u011f\u0131daki sekt\u00f6r ve kat\u0131l\u0131mc\u0131 profillerinden profesyoneller kat\u0131lmaktad\u0131r: Woodist \u201823, ah\u015fap sekt\u00f6r\u00fcnde faaliyet g\u00f6steren her t\u00fcrl\u00fc firma ve profesyonel i\u00e7in heyecan verici bir bulu\u015fma noktas\u0131d\u0131r. Kat\u0131l\u0131mc\u0131lar, sekt\u00f6rdeki son geli\u015fmeleri takip etmek, yeni i\u015f f\u0131rsatlar\u0131 ke\u015ffetmek ve i\u015f birliklerini geli\u015ftirmek i\u00e7in bu f\u0131rsat\u0131 ge\u00e7 kalmadan de\u011ferlendirmektedirler.\" \/>\n<meta property=\"og:url\" content=\"https:\/\/www.nobelwoodist.com\/index.php\/katilimci-profili\/\" \/>\n<meta property=\"og:site_name\" content=\"Nobel Woodist\" \/>\n<meta property=\"article:modified_time\" content=\"2023-06-05T07:09:49+00:00\" \/>\n<meta name=\"twitter:card\" content=\"summary_large_image\" \/>\n<meta name=\"twitter:label1\" content=\"Tahmini okuma s\u00fcresi\" \/>\n\t<meta name=\"twitter:data1\" content=\"1 dakika\" \/>\n<script type=\"application\/ld+json\" class=\"yoast-schema-graph\">{\"@context\":\"https:\/\/schema.org\",\"@graph\":[{\"@type\":\"WebPage\",\"@id\":\"https:\/\/www.nobelwoodist.com\/index.php\/katilimci-profili\/\",\"url\":\"https:\/\/www.nobelwoodist.com\/index.php\/katilimci-profili\/\",\"name\":\"Kat\u0131l\u0131mc\u0131 Profili - Nobel Woodist\",\"isPartOf\":{\"@id\":\"https:\/\/www.nobelwoodist.com\/#website\"},\"datePublished\":\"2023-05-31T12:42:09+00:00\",\"dateModified\":\"2023-06-05T07:09:49+00:00\",\"breadcrumb\":{\"@id\":\"https:\/\/www.nobelwoodist.com\/index.php\/katilimci-profili\/#breadcrumb\"},\"inLanguage\":\"tr\",\"potentialAction\":[{\"@type\":\"ReadAction\",\"target\":[\"https:\/\/www.nobelwoodist.com\/index.php\/katilimci-profili\/\"]}]},{\"@type\":\"BreadcrumbList\",\"@id\":\"https:\/\/www.nobelwoodist.com\/index.php\/katilimci-profili\/#breadcrumb\",\"itemListElement\":[{\"@type\":\"ListItem\",\"position\":1,\"name\":\"Anasayfa\",\"item\":\"https:\/\/www.nobelwoodist.com\/\"},{\"@type\":\"ListItem\",\"position\":2,\"name\":\"Kat\u0131l\u0131mc\u0131 Profili\"}]},{\"@type\":\"WebSite\",\"@id\":\"https:\/\/www.nobelwoodist.com\/#website\",\"url\":\"https:\/\/www.nobelwoodist.com\/\",\"name\":\"Nobel Woodist\",\"description\":\"Nobel Fuar Grubu\",\"potentialAction\":[{\"@type\":\"SearchAction\",\"target\":{\"@type\":\"EntryPoint\",\"urlTemplate\":\"https:\/\/www.nobelwoodist.com\/?s={search_term_string}\"},\"query-input\":\"required name=search_term_string\"}],\"inLanguage\":\"tr\"}]}<\/script>\n<!-- \/ Yoast SEO plugin. -->","yoast_head_json":{"title":"Kat\u0131l\u0131mc\u0131 Profili - Nobel Woodist","robots":{"index":"index","follow":"follow","max-snippet":"max-snippet:-1","max-image-preview":"max-image-preview:large","max-video-preview":"max-video-preview:-1"},"canonical":"https:\/\/www.nobelwoodist.com\/index.php\/katilimci-profili\/","og_locale":"tr_TR","og_type":"article","og_title":"Kat\u0131l\u0131mc\u0131 Profili - Nobel Woodist","og_description":"WOOD\u0130ST \u201923 FUARINA K\u0130M KATILIYOR? Wood\u0130st &#8217;23 Fuar\u0131&#8217;na a\u015fa\u011f\u0131daki sekt\u00f6r ve kat\u0131l\u0131mc\u0131 profillerinden profesyoneller kat\u0131lmaktad\u0131r: Woodist \u201823, ah\u015fap sekt\u00f6r\u00fcnde faaliyet g\u00f6steren her t\u00fcrl\u00fc firma ve profesyonel i\u00e7in heyecan verici bir bulu\u015fma noktas\u0131d\u0131r. Kat\u0131l\u0131mc\u0131lar, sekt\u00f6rdeki son geli\u015fmeleri takip etmek, yeni i\u015f f\u0131rsatlar\u0131 ke\u015ffetmek ve i\u015f birliklerini geli\u015ftirmek i\u00e7in bu f\u0131rsat\u0131 ge\u00e7 kalmadan de\u011ferlendirmektedirler.","og_url":"https:\/\/www.nobelwoodist.com\/index.php\/katilimci-profili\/","og_site_name":"Nobel Woodist","article_modified_time":"2023-06-05T07:09:49+00:00","twitter_card":"summary_large_image","twitter_misc":{"Tahmini okuma s\u00fcresi":"1 dakika"},"schema":{"@context":"https:\/\/schema.org","@graph":[{"@type":"WebPage","@id":"https:\/\/www.nobelwoodist.com\/index.php\/katilimci-profili\/","url":"https:\/\/www.nobelwoodist.com\/index.php\/katilimci-profili\/","name":"Kat\u0131l\u0131mc\u0131 Profili - Nobel Woodist","isPartOf":{"@id":"https:\/\/www.nobelwoodist.com\/#website"},"datePublished":"2023-05-31T12:42:09+00:00","dateModified":"2023-06-05T07:09:49+00:00","breadcrumb":{"@id":"https:\/\/www.nobelwoodist.com\/index.php\/katilimci-profili\/#breadcrumb"},"inLanguage":"tr","potentialAction":[{"@type":"ReadAction","target":["https:\/\/www.nobelwoodist.com\/index.php\/katilimci-profili\/"]}]},{"@type":"BreadcrumbList","@id":"https:\/\/www.nobelwoodist.com\/index.php\/katilimci-profili\/#breadcrumb","itemListElement":[{"@type":"ListItem","position":1,"name":"Anasayfa","item":"https:\/\/www.nobelwoodist.com\/"},{"@type":"ListItem","position":2,"name":"Kat\u0131l\u0131mc\u0131 Profili"}]},{"@type":"WebSite","@id":"https:\/\/www.nobelwoodist.com\/#website","url":"https:\/\/www.nobelwoodist.com\/","name":"Nobel Woodist","description":"Nobel Fuar Grubu","potentialAction":[{"@type":"SearchAction","target":{"@type":"EntryPoint","urlTemplate":"https:\/\/www.nobelwoodist.com\/?s={search_term_string}"},"query-input":"required name=search_term_string"}],"inLanguage":"tr"}]}},"acf":[],"_links":{"self":[{"href":"https:\/\/www.nobelwoodist.com\/index.php\/wp-json\/wp\/v2\/pages\/2202","targetHints":{"allow":["GET"]}}],"collection":[{"href":"https:\/\/www.nobelwoodist.com\/index.php\/wp-json\/wp\/v2\/pages"}],"about":[{"href":"https:\/\/www.nobelwoodist.com\/index.php\/wp-json\/wp\/v2\/types\/page"}],"author":[{"embeddable":true,"href":"https:\/\/www.nobelwoodist.com\/index.php\/wp-json\/wp\/v2\/users\/1"}],"replies":[{"embeddable":true,"href":"https:\/\/www.nobelwoodist.com\/index.php\/wp-json\/wp\/v2\/comments?post=2202"}],"version-history":[{"count":9,"href":"https:\/\/www.nobelwoodist.com\/index.php\/wp-json\/wp\/v2\/pages\/2202\/revisions"}],"predecessor-version":[{"id":2431,"href":"https:\/\/www.nobelwoodist.com\/index.php\/wp-json\/wp\/v2\/pages\/2202\/revisions\/2431"}],"wp:attachment":[{"href":"https:\/\/www.nobelwoodist.com\/index.php\/wp-json\/wp\/v2\/media?parent=2202"}],"curies":[{"name":"wp","href":"https:\/\/api.w.org\/{rel}","templated":true}]}}