{"id":2198,"date":"2023-05-31T15:37:35","date_gmt":"2023-05-31T12:37:35","guid":{"rendered":"https:\/\/www.nobelwoodist.com\/?page_id=2198"},"modified":"2023-06-03T09:33:43","modified_gmt":"2023-06-03T06:33:43","slug":"neden-katilimci-olmalisiniz","status":"publish","type":"page","link":"https:\/\/www.nobelwoodist.com\/index.php\/neden-katilimci-olmalisiniz\/","title":{"rendered":"Neden Kat\u0131l\u0131mc\u0131 Olmal\u0131s\u0131n\u0131z?"},"content":{"rendered":"\t\t<div data-elementor-type=\"wp-page\" data-elementor-id=\"2198\" class=\"elementor elementor-2198\">\n\t\t\t\t\t\t\t\t\t<section class=\"elementor-section elementor-top-section elementor-element elementor-element-73e58d85 elementor-section-boxed elementor-section-height-default elementor-section-height-default\" data-id=\"73e58d85\" data-element_type=\"section\">\n\t\t\t\t\t\t<div class=\"elementor-container elementor-column-gap-default\">\n\t\t\t\t\t<div class=\"elementor-column elementor-col-100 elementor-top-column elementor-element elementor-element-7970d669\" data-id=\"7970d669\" data-element_type=\"column\">\n\t\t\t<div class=\"elementor-widget-wrap elementor-element-populated\">\n\t\t\t\t\t\t\t\t<div class=\"elementor-element elementor-element-49e198fb elementor-widget elementor-widget-text-editor\" data-id=\"49e198fb\" data-element_type=\"widget\" data-widget_type=\"text-editor.default\">\n\t\t\t\t<div class=\"elementor-widget-container\">\n\t\t\t<style>\/*! elementor - v3.18.0 - 20-12-2023 *\/\n.elementor-widget-text-editor.elementor-drop-cap-view-stacked .elementor-drop-cap{background-color:#69727d;color:#fff}.elementor-widget-text-editor.elementor-drop-cap-view-framed .elementor-drop-cap{color:#69727d;border:3px solid;background-color:transparent}.elementor-widget-text-editor:not(.elementor-drop-cap-view-default) .elementor-drop-cap{margin-top:8px}.elementor-widget-text-editor:not(.elementor-drop-cap-view-default) .elementor-drop-cap-letter{width:1em;height:1em}.elementor-widget-text-editor .elementor-drop-cap{float:left;text-align:center;line-height:1;font-size:50px}.elementor-widget-text-editor .elementor-drop-cap-letter{display:inline-block}<\/style>\t\t\t\t<p><!-- wp:heading {\"textAlign\":\"left\",\"level\":1} --><\/p>\n<h1 class=\"wp-block-heading has-text-align-left\"><strong>WOOD\u0130ST \u201923 FUARINDA<\/strong><\/h1>\n<p><!-- \/wp:heading --><\/p>\n<p><!-- wp:heading {\"textAlign\":\"left\",\"level\":1} --><\/p>\n<h1 class=\"wp-block-heading has-text-align-left\"><strong>YER ALMANIZ \u0130\u00c7\u0130N<\/strong><\/h1>\n<p><!-- \/wp:heading --><\/p>\n<p><!-- wp:html --><\/p>\n<h1 class=\"wp-block-heading has-text-align-left\"><strong style=\"display: block; margin-bottom: 30px;\">EN \u00d6NEML\u0130 <mark class=\"has-inline-color has-luminous-vivid-orange-color\" style=\"background-color: rgba(0, 0, 0, 0);\">5<\/mark> NEDEN<\/strong><strong style=\"display: block; margin-bottom: 30px;\"><br><\/strong><\/h1>\n<p><!-- \/wp:html --><\/p>\n<p><!-- wp:paragraph --><\/p>\n<p><!-- \/wp:paragraph --><\/p>\n<p><!-- wp:paragraph --><\/p>\n<p><!-- \/wp:paragraph --><\/p>\n<p><!-- wp:paragraph --><\/p>\n<p><!-- \/wp:paragraph --><\/p>\n<p><!-- wp:paragraph --><\/p>\n<p><\/p>\n<p><img fetchpriority=\"high\" decoding=\"async\" width=\"512\" height=\"512\" class=\"wp-image-2447\" style=\"width: 40px; margin-bottom: 6px;\" src=\"https:\/\/www.nobelwoodist.com\/wp-content\/uploads\/2023\/06\/network.png\" alt=\"\" srcset=\"https:\/\/www.nobelwoodist.com\/wp-content\/uploads\/2023\/06\/network.png 512w, https:\/\/www.nobelwoodist.com\/wp-content\/uploads\/2023\/06\/network-300x300.png 300w, https:\/\/www.nobelwoodist.com\/wp-content\/uploads\/2023\/06\/network-150x150.png 150w, https:\/\/www.nobelwoodist.com\/wp-content\/uploads\/2023\/06\/network-100x100.png 100w\" sizes=\"(max-width: 512px) 100vw, 512px\" \/> <strong>Ba\u011flant\u0131 Kurman\u0131n En \u0130deal Yolu!<\/strong><\/p>\n<p><!-- \/wp:paragraph --><\/p>\n<p><!-- wp:paragraph --><\/p>\n<p>Wood\u0130st &#8217;23 Fuar\u0131, hedefledi\u011finiz ziyaret\u00e7i profiliyle bir araya gelmenizi sa\u011flayan Fuar Sat\u0131n Al\u0131m Heyet Program\u0131n\u0131 sizlere gururla sunar! D\u00fcnyan\u0131n d\u00f6rt bir yan\u0131ndan gelen Sat\u0131n Al\u0131m Heyetleriyle zaman\u0131n\u0131z\u0131 daha etkin kullanarak nitelikli ziyaret\u00e7ilere \u00e7ok daha kolay ula\u015fabileceksiniz. K\u00e2rl\u0131 ba\u011flant\u0131lar kurma f\u0131rsat\u0131n\u0131 ka\u00e7\u0131rmay\u0131n!<\/p>\n<p><!-- \/wp:paragraph --><\/p>\n<p><!-- wp:group {\"layout\":{\"type\":\"flex\",\"flexWrap\":\"nowrap\",\"justifyContent\":\"left\"}} --><\/p>\n<div class=\"wp-block-group\">\n<p><!-- wp:group {\"layout\":{\"type\":\"flex\",\"flexWrap\":\"nowrap\"}} --><\/p>\n<div class=\"wp-block-group\">\n<p><!-- wp:paragraph --><\/p>\n<p><img decoding=\"async\" width=\"1200\" height=\"1200\" class=\"wp-image-2448\" style=\"width: 40px; margin-bottom: 6px;\" src=\"https:\/\/www.nobelwoodist.com\/wp-content\/uploads\/2023\/06\/world.png\" alt=\"\" srcset=\"https:\/\/www.nobelwoodist.com\/wp-content\/uploads\/2023\/06\/world.png 1200w, https:\/\/www.nobelwoodist.com\/wp-content\/uploads\/2023\/06\/world-300x300.png 300w, https:\/\/www.nobelwoodist.com\/wp-content\/uploads\/2023\/06\/world-1024x1024.png 1024w, https:\/\/www.nobelwoodist.com\/wp-content\/uploads\/2023\/06\/world-150x150.png 150w, https:\/\/www.nobelwoodist.com\/wp-content\/uploads\/2023\/06\/world-768x768.png 768w, https:\/\/www.nobelwoodist.com\/wp-content\/uploads\/2023\/06\/world-600x600.png 600w, https:\/\/www.nobelwoodist.com\/wp-content\/uploads\/2023\/06\/world-100x100.png 100w\" sizes=\"(max-width: 1200px) 100vw, 1200px\" \/> <strong>Dev Pazarlar\u0131n Kap\u0131lar\u0131 Wood\u0130st &#8217;23 Fuar\u0131nda A\u00e7\u0131l\u0131yor<\/strong>!<\/p><p><span style=\"text-align: var(--bs-body-text-align);\">Ortado\u011fu, Kuzey Afrika, Rusya ve Ba\u011f\u0131ms\u0131z Devletler Toplulu\u011fu (BDT) gibi b\u00f6lgelerden zorlu vize k\u0131s\u0131tlamalar\u0131ndan etkilenmeden sekt\u00f6r\u00fcn \u00f6nemli al\u0131c\u0131lar\u0131 ve ziyaret\u00e7ileriyle kolayl\u0131kla bulu\u015fma imk\u00e2n\u0131n\u0131 yakalay\u0131n! Wood\u0130st &#8217;23 Fuar\u0131, bu b\u00f6lgelerden gelen sat\u0131n al\u0131c\u0131lar\u0131, T\u00fcrkiye&#8217;ye kolay eri\u015fimlerini sa\u011flayarak, \u00fcr\u00fcnlerinizle bir araya getiriyor. Yeni pazarlarda b\u00fcy\u00fcmek ve ba\u015far\u0131y\u0131 yakalamak i\u00e7in bu e\u015fsiz f\u0131rsat\u0131 ka\u00e7\u0131rmay\u0131n!<\/span><\/p><\/div><\/div>\n<p><!-- \/wp:paragraph --><\/p>\n<p><!-- wp:paragraph --><\/p>\n<p><br><\/p><p><img decoding=\"async\" width=\"512\" height=\"512\" class=\"wp-image-2449\" style=\"width: 40px; margin-bottom: 6px;\" src=\"https:\/\/www.nobelwoodist.com\/wp-content\/uploads\/2023\/06\/machine.png\" alt=\"\" srcset=\"https:\/\/www.nobelwoodist.com\/wp-content\/uploads\/2023\/06\/machine.png 512w, https:\/\/www.nobelwoodist.com\/wp-content\/uploads\/2023\/06\/machine-300x300.png 300w, https:\/\/www.nobelwoodist.com\/wp-content\/uploads\/2023\/06\/machine-150x150.png 150w, https:\/\/www.nobelwoodist.com\/wp-content\/uploads\/2023\/06\/machine-100x100.png 100w\" sizes=\"(max-width: 512px) 100vw, 512px\" \/> <strong>Makinelerin Sihirli D\u00fcnyas\u0131na Tan\u0131kl\u0131k Edin!<\/strong><\/p>\n<p><!-- \/wp:paragraph --><\/p>\n<p><!-- wp:paragraph --><\/p>\n<p>Wood\u0130st &#8217;23 Fuar\u0131, sekt\u00f6r\u00fcn lider firma ve markalar\u0131n\u0131n makine \u00fcr\u00fcn yelpazesinin neredeyse tamam\u0131n\u0131 bir araya getirerek sizlere sunuyor. Rakiplerinizin \u00fcr\u00fcnlerini g\u00f6zlemleme, hatta deneme ve kendi \u00fcr\u00fcnlerinizle kolayl\u0131kla kar\u015f\u0131la\u015ft\u0131rma imk\u00e2n\u0131 bulacaks\u0131n\u0131z. Bu f\u0131rsatla sekt\u00f6rdeki en yeni teknolojilere tan\u0131kl\u0131k edecek ve etkileyici bir deneyim ya\u015fayacaks\u0131n\u0131z!<\/p>\n<p><!-- \/wp:paragraph --><\/p>\n<p><!-- wp:paragraph --><\/p>\n<p><br><\/p><p><img loading=\"lazy\" decoding=\"async\" width=\"607\" height=\"607\" class=\"wp-image-2450\" style=\"width: 40px; margin-bottom: 6px;\" src=\"https:\/\/www.nobelwoodist.com\/wp-content\/uploads\/2023\/06\/trade.png\" alt=\"\" srcset=\"https:\/\/www.nobelwoodist.com\/wp-content\/uploads\/2023\/06\/trade.png 607w, https:\/\/www.nobelwoodist.com\/wp-content\/uploads\/2023\/06\/trade-300x300.png 300w, https:\/\/www.nobelwoodist.com\/wp-content\/uploads\/2023\/06\/trade-150x150.png 150w, https:\/\/www.nobelwoodist.com\/wp-content\/uploads\/2023\/06\/trade-600x600.png 600w, https:\/\/www.nobelwoodist.com\/wp-content\/uploads\/2023\/06\/trade-100x100.png 100w\" sizes=\"(max-width: 607px) 100vw, 607px\" \/> <strong><strong>\u0130\u015f ve Ticarette Y\u00fcksek Hacimli Nokta: Wood\u0130st &#8217;23 Fuar\u0131!<\/strong><\/strong><\/p>\n<p><!-- \/wp:paragraph --><\/p>\n<p><!-- wp:paragraph --><\/p>\n<p>Wood\u0130st &#8217;23 Fuar\u0131, a\u011fa\u00e7 i\u015fleme makineleri \u00fcreticileri, distrib\u00fct\u00f6rler ve al\u0131c\u0131lar\u0131n heyecanla bekledi\u011fi sekt\u00f6r\u00fcn en b\u00fcy\u00fck ticaret noktas\u0131 olma \u00f6zelli\u011fini s\u00fcrd\u00fcr\u00fcyor. Marangozlar ve mobilya \u00fcreticileri, t\u00fcm makinelerin bir arada canl\u0131 olarak \u00e7al\u0131\u015ft\u0131\u011f\u0131 ortamda g\u00f6zlem yapma ve kar\u015f\u0131la\u015ft\u0131rma imkan\u0131 buluyor. Fuar zaman\u0131na g\u00f6re sat\u0131n alma planlar\u0131n\u0131 \u015fekillendirerek b\u00fcy\u00fck ba\u015far\u0131lar elde edin!<\/p>\n<p><!-- \/wp:paragraph --><\/p>\n<p><!-- wp:paragraph --><\/p>\n<p><br><\/p><p><img loading=\"lazy\" decoding=\"async\" width=\"200\" height=\"200\" class=\"wp-image-2451\" style=\"width: 40px; margin-bottom: 6px;\" src=\"https:\/\/www.nobelwoodist.com\/wp-content\/uploads\/2023\/06\/technology.png\" alt=\"\" srcset=\"https:\/\/www.nobelwoodist.com\/wp-content\/uploads\/2023\/06\/technology.png 200w, https:\/\/www.nobelwoodist.com\/wp-content\/uploads\/2023\/06\/technology-150x150.png 150w, https:\/\/www.nobelwoodist.com\/wp-content\/uploads\/2023\/06\/technology-100x100.png 100w\" sizes=\"(max-width: 200px) 100vw, 200px\" \/> <strong><strong>D\u00fcnya Markalar\u0131 ve Teknolojik \u0130novasyonlarla Gelece\u011fi \u015eekillendirin!<\/strong><\/strong><\/p>\n<p><!-- \/wp:paragraph --><\/p>\n<p><!-- wp:paragraph --><\/p>\n<p>Wood\u0130st &#8217;23 Fuar\u0131, d\u00fcnya markalar\u0131na ev sahipli\u011fi yaparak sekt\u00f6rdeki en \u00f6nemli \u00fcreticilerin yeni makinelerini inceleme f\u0131rsat\u0131 sunuyor. Sekt\u00f6r\u00fcn\u00fczdeki son geli\u015fmeleri ve teknolojik yenilikleri yak\u0131ndan takip edebilirsiniz. Kendi konumunuzu belirleyerek gelecekteki yat\u0131r\u0131mlar\u0131n\u0131z\u0131 \u015fekillendirin. Wood\u0130st &#8217;23 ile d\u00fcnya markalar\u0131yla bulu\u015fun ve b\u00fcy\u00fck ad\u0131mlar at\u0131n! Wood\u0130st &#8217;23 Fuar\u0131, ah\u015fap sekt\u00f6r\u00fcne heyecan\u0131, yenili\u011fi ve i\u015f f\u0131rsatlar\u0131n\u0131 bir arada sunuyor! Sekt\u00f6r\u00fcn\u00fczdeki potansiyeli ger\u00e7ekle\u015ftirmek ve ba\u015far\u0131ya ula\u015fmak i\u00e7in siz de hemen bu benzersiz etkinli\u011fe kat\u0131l\u0131n. Wood\u0130st &#8217;23 Fuar\u0131&#8217;nda yerinizi ay\u0131rt\u0131n ve unutulmaz ticari bir deneyim ya\u015fay\u0131n!<\/p>\n<p><\/p>\n<p><!-- \/wp:paragraph --><\/p>\n<p><!-- wp:paragraph --><\/p>\n<p><!-- \/wp:paragraph --><\/p>\t\t\t\t\t\t<\/div>\n\t\t\t\t<\/div>\n\t\t\t\t\t<\/div>\n\t\t<\/div>\n\t\t\t\t\t\t\t<\/div>\n\t\t<\/section>\n\t\t\t\t\t\t\t<\/div>\n\t\t","protected":false},"excerpt":{"rendered":"<p>WOOD\u0130ST \u201923 FUARINDA YER ALMANIZ \u0130\u00c7\u0130N EN \u00d6NEML\u0130 5 NEDEN Ba\u011flant\u0131 Kurman\u0131n En \u0130deal Yolu! Wood\u0130st &#8217;23 Fuar\u0131, hedefledi\u011finiz ziyaret\u00e7i profiliyle bir araya gelmenizi sa\u011flayan Fuar Sat\u0131n Al\u0131m Heyet Program\u0131n\u0131 sizlere gururla sunar! D\u00fcnyan\u0131n d\u00f6rt bir yan\u0131ndan gelen Sat\u0131n Al\u0131m Heyetleriyle zaman\u0131n\u0131z\u0131 daha etkin kullanarak nitelikli ziyaret\u00e7ilere \u00e7ok daha kolay ula\u015fabileceksiniz. K\u00e2rl\u0131 ba\u011flant\u0131lar kurma f\u0131rsat\u0131n\u0131 [&hellip;]<\/p>\n","protected":false},"author":1,"featured_media":0,"parent":0,"menu_order":0,"comment_status":"closed","ping_status":"closed","template":"","meta":{"footnotes":""},"class_list":["post-2198","page","type-page","status-publish","hentry"],"yoast_head":"<!-- This site is optimized with the Yoast SEO plugin v21.7 - https:\/\/yoast.com\/wordpress\/plugins\/seo\/ -->\n<title>Neden Kat\u0131l\u0131mc\u0131 Olmal\u0131s\u0131n\u0131z? - Nobel Woodist<\/title>\n<meta name=\"robots\" content=\"index, follow, max-snippet:-1, max-image-preview:large, max-video-preview:-1\" \/>\n<link rel=\"canonical\" href=\"https:\/\/www.nobelwoodist.com\/index.php\/neden-katilimci-olmalisiniz\/\" \/>\n<meta property=\"og:locale\" content=\"tr_TR\" \/>\n<meta property=\"og:type\" content=\"article\" \/>\n<meta property=\"og:title\" content=\"Neden Kat\u0131l\u0131mc\u0131 Olmal\u0131s\u0131n\u0131z? - Nobel Woodist\" \/>\n<meta property=\"og:description\" content=\"WOOD\u0130ST \u201923 FUARINDA YER ALMANIZ \u0130\u00c7\u0130N EN \u00d6NEML\u0130 5 NEDEN Ba\u011flant\u0131 Kurman\u0131n En \u0130deal Yolu! Wood\u0130st &#8217;23 Fuar\u0131, hedefledi\u011finiz ziyaret\u00e7i profiliyle bir araya gelmenizi sa\u011flayan Fuar Sat\u0131n Al\u0131m Heyet Program\u0131n\u0131 sizlere gururla sunar! D\u00fcnyan\u0131n d\u00f6rt bir yan\u0131ndan gelen Sat\u0131n Al\u0131m Heyetleriyle zaman\u0131n\u0131z\u0131 daha etkin kullanarak nitelikli ziyaret\u00e7ilere \u00e7ok daha kolay ula\u015fabileceksiniz. K\u00e2rl\u0131 ba\u011flant\u0131lar kurma f\u0131rsat\u0131n\u0131 [&hellip;]\" \/>\n<meta property=\"og:url\" content=\"https:\/\/www.nobelwoodist.com\/index.php\/neden-katilimci-olmalisiniz\/\" \/>\n<meta property=\"og:site_name\" content=\"Nobel Woodist\" \/>\n<meta property=\"article:modified_time\" content=\"2023-06-03T06:33:43+00:00\" \/>\n<meta property=\"og:image\" content=\"https:\/\/www.nobelwoodist.com\/wp-content\/uploads\/2023\/06\/network.png\" \/>\n<meta name=\"twitter:card\" content=\"summary_large_image\" \/>\n<meta name=\"twitter:label1\" content=\"Tahmini okuma s\u00fcresi\" \/>\n\t<meta name=\"twitter:data1\" content=\"3 dakika\" \/>\n<script type=\"application\/ld+json\" class=\"yoast-schema-graph\">{\"@context\":\"https:\/\/schema.org\",\"@graph\":[{\"@type\":\"WebPage\",\"@id\":\"https:\/\/www.nobelwoodist.com\/index.php\/neden-katilimci-olmalisiniz\/\",\"url\":\"https:\/\/www.nobelwoodist.com\/index.php\/neden-katilimci-olmalisiniz\/\",\"name\":\"Neden Kat\u0131l\u0131mc\u0131 Olmal\u0131s\u0131n\u0131z? - Nobel Woodist\",\"isPartOf\":{\"@id\":\"https:\/\/www.nobelwoodist.com\/#website\"},\"datePublished\":\"2023-05-31T12:37:35+00:00\",\"dateModified\":\"2023-06-03T06:33:43+00:00\",\"breadcrumb\":{\"@id\":\"https:\/\/www.nobelwoodist.com\/index.php\/neden-katilimci-olmalisiniz\/#breadcrumb\"},\"inLanguage\":\"tr\",\"potentialAction\":[{\"@type\":\"ReadAction\",\"target\":[\"https:\/\/www.nobelwoodist.com\/index.php\/neden-katilimci-olmalisiniz\/\"]}]},{\"@type\":\"BreadcrumbList\",\"@id\":\"https:\/\/www.nobelwoodist.com\/index.php\/neden-katilimci-olmalisiniz\/#breadcrumb\",\"itemListElement\":[{\"@type\":\"ListItem\",\"position\":1,\"name\":\"Anasayfa\",\"item\":\"https:\/\/www.nobelwoodist.com\/\"},{\"@type\":\"ListItem\",\"position\":2,\"name\":\"Neden Kat\u0131l\u0131mc\u0131 Olmal\u0131s\u0131n\u0131z?\"}]},{\"@type\":\"WebSite\",\"@id\":\"https:\/\/www.nobelwoodist.com\/#website\",\"url\":\"https:\/\/www.nobelwoodist.com\/\",\"name\":\"Nobel Woodist\",\"description\":\"Nobel Fuar Grubu\",\"potentialAction\":[{\"@type\":\"SearchAction\",\"target\":{\"@type\":\"EntryPoint\",\"urlTemplate\":\"https:\/\/www.nobelwoodist.com\/?s={search_term_string}\"},\"query-input\":\"required name=search_term_string\"}],\"inLanguage\":\"tr\"}]}<\/script>\n<!-- \/ Yoast SEO plugin. -->","yoast_head_json":{"title":"Neden Kat\u0131l\u0131mc\u0131 Olmal\u0131s\u0131n\u0131z? - Nobel Woodist","robots":{"index":"index","follow":"follow","max-snippet":"max-snippet:-1","max-image-preview":"max-image-preview:large","max-video-preview":"max-video-preview:-1"},"canonical":"https:\/\/www.nobelwoodist.com\/index.php\/neden-katilimci-olmalisiniz\/","og_locale":"tr_TR","og_type":"article","og_title":"Neden Kat\u0131l\u0131mc\u0131 Olmal\u0131s\u0131n\u0131z? - Nobel Woodist","og_description":"WOOD\u0130ST \u201923 FUARINDA YER ALMANIZ \u0130\u00c7\u0130N EN \u00d6NEML\u0130 5 NEDEN Ba\u011flant\u0131 Kurman\u0131n En \u0130deal Yolu! Wood\u0130st &#8217;23 Fuar\u0131, hedefledi\u011finiz ziyaret\u00e7i profiliyle bir araya gelmenizi sa\u011flayan Fuar Sat\u0131n Al\u0131m Heyet Program\u0131n\u0131 sizlere gururla sunar! D\u00fcnyan\u0131n d\u00f6rt bir yan\u0131ndan gelen Sat\u0131n Al\u0131m Heyetleriyle zaman\u0131n\u0131z\u0131 daha etkin kullanarak nitelikli ziyaret\u00e7ilere \u00e7ok daha kolay ula\u015fabileceksiniz. K\u00e2rl\u0131 ba\u011flant\u0131lar kurma f\u0131rsat\u0131n\u0131 [&hellip;]","og_url":"https:\/\/www.nobelwoodist.com\/index.php\/neden-katilimci-olmalisiniz\/","og_site_name":"Nobel Woodist","article_modified_time":"2023-06-03T06:33:43+00:00","og_image":[{"url":"https:\/\/www.nobelwoodist.com\/wp-content\/uploads\/2023\/06\/network.png"}],"twitter_card":"summary_large_image","twitter_misc":{"Tahmini okuma s\u00fcresi":"3 dakika"},"schema":{"@context":"https:\/\/schema.org","@graph":[{"@type":"WebPage","@id":"https:\/\/www.nobelwoodist.com\/index.php\/neden-katilimci-olmalisiniz\/","url":"https:\/\/www.nobelwoodist.com\/index.php\/neden-katilimci-olmalisiniz\/","name":"Neden Kat\u0131l\u0131mc\u0131 Olmal\u0131s\u0131n\u0131z? - Nobel Woodist","isPartOf":{"@id":"https:\/\/www.nobelwoodist.com\/#website"},"datePublished":"2023-05-31T12:37:35+00:00","dateModified":"2023-06-03T06:33:43+00:00","breadcrumb":{"@id":"https:\/\/www.nobelwoodist.com\/index.php\/neden-katilimci-olmalisiniz\/#breadcrumb"},"inLanguage":"tr","potentialAction":[{"@type":"ReadAction","target":["https:\/\/www.nobelwoodist.com\/index.php\/neden-katilimci-olmalisiniz\/"]}]},{"@type":"BreadcrumbList","@id":"https:\/\/www.nobelwoodist.com\/index.php\/neden-katilimci-olmalisiniz\/#breadcrumb","itemListElement":[{"@type":"ListItem","position":1,"name":"Anasayfa","item":"https:\/\/www.nobelwoodist.com\/"},{"@type":"ListItem","position":2,"name":"Neden Kat\u0131l\u0131mc\u0131 Olmal\u0131s\u0131n\u0131z?"}]},{"@type":"WebSite","@id":"https:\/\/www.nobelwoodist.com\/#website","url":"https:\/\/www.nobelwoodist.com\/","name":"Nobel Woodist","description":"Nobel Fuar Grubu","potentialAction":[{"@type":"SearchAction","target":{"@type":"EntryPoint","urlTemplate":"https:\/\/www.nobelwoodist.com\/?s={search_term_string}"},"query-input":"required name=search_term_string"}],"inLanguage":"tr"}]}},"acf":[],"_links":{"self":[{"href":"https:\/\/www.nobelwoodist.com\/index.php\/wp-json\/wp\/v2\/pages\/2198","targetHints":{"allow":["GET"]}}],"collection":[{"href":"https:\/\/www.nobelwoodist.com\/index.php\/wp-json\/wp\/v2\/pages"}],"about":[{"href":"https:\/\/www.nobelwoodist.com\/index.php\/wp-json\/wp\/v2\/types\/page"}],"author":[{"embeddable":true,"href":"https:\/\/www.nobelwoodist.com\/index.php\/wp-json\/wp\/v2\/users\/1"}],"replies":[{"embeddable":true,"href":"https:\/\/www.nobelwoodist.com\/index.php\/wp-json\/wp\/v2\/comments?post=2198"}],"version-history":[{"count":28,"href":"https:\/\/www.nobelwoodist.com\/index.php\/wp-json\/wp\/v2\/pages\/2198\/revisions"}],"predecessor-version":[{"id":2607,"href":"https:\/\/www.nobelwoodist.com\/index.php\/wp-json\/wp\/v2\/pages\/2198\/revisions\/2607"}],"wp:attachment":[{"href":"https:\/\/www.nobelwoodist.com\/index.php\/wp-json\/wp\/v2\/media?parent=2198"}],"curies":[{"name":"wp","href":"https:\/\/api.w.org\/{rel}","templated":true}]}}